{"id":2322,"date":"2025-07-17T19:40:16","date_gmt":"2025-07-17T19:40:16","guid":{"rendered":"https:\/\/medicore.bcardmexico.com\/?post_type=product&#038;p=2322"},"modified":"2025-07-17T20:23:23","modified_gmt":"2025-07-17T20:23:23","slug":"kapillary-w-10-ml-0-338-oz","status":"publish","type":"product","link":"https:\/\/medicore.bcardmexico.com\/?product=kapillary-w-10-ml-0-338-oz","title":{"rendered":"Kapillary &#8211; W 10 ml \/0.338 oz"},"content":{"rendered":"<p><strong>BENEFICIOS<\/strong><\/p>\n<ul>\n<li>Nutre el fol\u00edculo piloso.<\/li>\n<li>Incrementa la proliferaci\u00f3n de c\u00e9lulas del fol\u00edculo.<\/li>\n<li>Regula el ciclo de crecimiento del cabello.<\/li>\n<li>Mejora la calidad folicular.<\/li>\n<\/ul>\n","protected":false},"excerpt":{"rendered":"<p><strong>BENEFICIOS<\/strong><\/p>\n<ul>\n<li>Eficacia comprobada gota a gota invitro.<\/li>\n<li>Restaura la turgencia y elasticidad ya que promueve y mantiene una OPTIMA producci\u00f3n de elastina y colageno.<\/li>\n<li>Alto poder de despigmentaci\u00f3n.<\/li>\n<\/ul>\n<p>&nbsp;<\/p>\n<p>&nbsp;<\/p>\n<p>&nbsp;<\/p>\n","protected":false},"featured_media":2323,"comment_status":"open","ping_status":"closed","template":"","meta":[],"etheme_brands":[],"product_brand":[],"product_cat":[52],"product_tag":[],"class_list":{"0":"post-2322","1":"product","2":"type-product","3":"status-publish","4":"has-post-thumbnail","6":"product_cat-crecimiento","8":"first","9":"instock","10":"shipping-taxable","11":"product-type-simple"},"yoast_head":"<!-- This site is optimized with the Yoast SEO Premium plugin v23.4 (Yoast SEO v23.4) - https:\/\/yoast.com\/wordpress\/plugins\/seo\/ -->\n<title>Kapillary - W 10 ml \/0.338 oz - MEDICORE<\/title>\n<meta name=\"robots\" content=\"index, follow, max-snippet:-1, max-image-preview:large, max-video-preview:-1\" \/>\n<link rel=\"canonical\" href=\"https:\/\/medicore.bcardmexico.com\/?product=kapillary-w-10-ml-0-338-oz\" \/>\n<meta property=\"og:locale\" content=\"es_MX\" \/>\n<meta property=\"og:type\" content=\"article\" \/>\n<meta property=\"og:title\" content=\"Kapillary - W 10 ml \/0.338 oz\" \/>\n<meta property=\"og:description\" content=\"BENEFICIOS   Eficacia comprobada gota a gota invitro.  Restaura la turgencia y elasticidad ya que promueve y mantiene una OPTIMA producci\u00f3n de elastina y colageno.  Alto poder de despigmentaci\u00f3n.  &nbsp;  &nbsp;  &nbsp;\" \/>\n<meta property=\"og:url\" content=\"https:\/\/medicore.bcardmexico.com\/?product=kapillary-w-10-ml-0-338-oz\" \/>\n<meta property=\"og:site_name\" content=\"MEDICORE\" \/>\n<meta property=\"article:modified_time\" content=\"2025-07-17T20:23:23+00:00\" \/>\n<meta property=\"og:image\" content=\"https:\/\/medicore.bcardmexico.com\/wp-content\/uploads\/2025\/07\/KAPILLARY-W.jpg\" \/>\n\t<meta property=\"og:image:width\" content=\"1081\" \/>\n\t<meta property=\"og:image:height\" content=\"1536\" \/>\n\t<meta property=\"og:image:type\" content=\"image\/jpeg\" \/>\n<meta name=\"twitter:card\" content=\"summary_large_image\" \/>\n<meta name=\"twitter:label1\" content=\"Tiempo de lectura\" \/>\n\t<meta name=\"twitter:data1\" content=\"1 minuto\" \/>\n<script type=\"application\/ld+json\" class=\"yoast-schema-graph\">{\"@context\":\"https:\/\/schema.org\",\"@graph\":[{\"@type\":\"WebPage\",\"@id\":\"https:\/\/medicore.bcardmexico.com\/?product=kapillary-w-10-ml-0-338-oz\",\"url\":\"https:\/\/medicore.bcardmexico.com\/?product=kapillary-w-10-ml-0-338-oz\",\"name\":\"Kapillary - W 10 ml \/0.338 oz - MEDICORE\",\"isPartOf\":{\"@id\":\"https:\/\/medicore.bcardmexico.com\/#website\"},\"primaryImageOfPage\":{\"@id\":\"https:\/\/medicore.bcardmexico.com\/?product=kapillary-w-10-ml-0-338-oz#primaryimage\"},\"image\":{\"@id\":\"https:\/\/medicore.bcardmexico.com\/?product=kapillary-w-10-ml-0-338-oz#primaryimage\"},\"thumbnailUrl\":\"https:\/\/medicore.bcardmexico.com\/wp-content\/uploads\/2025\/07\/KAPILLARY-W.jpg\",\"datePublished\":\"2025-07-17T19:40:16+00:00\",\"dateModified\":\"2025-07-17T20:23:23+00:00\",\"breadcrumb\":{\"@id\":\"https:\/\/medicore.bcardmexico.com\/?product=kapillary-w-10-ml-0-338-oz#breadcrumb\"},\"inLanguage\":\"es\",\"potentialAction\":[{\"@type\":\"ReadAction\",\"target\":[\"https:\/\/medicore.bcardmexico.com\/?product=kapillary-w-10-ml-0-338-oz\"]}]},{\"@type\":\"ImageObject\",\"inLanguage\":\"es\",\"@id\":\"https:\/\/medicore.bcardmexico.com\/?product=kapillary-w-10-ml-0-338-oz#primaryimage\",\"url\":\"https:\/\/medicore.bcardmexico.com\/wp-content\/uploads\/2025\/07\/KAPILLARY-W.jpg\",\"contentUrl\":\"https:\/\/medicore.bcardmexico.com\/wp-content\/uploads\/2025\/07\/KAPILLARY-W.jpg\",\"width\":1081,\"height\":1536},{\"@type\":\"BreadcrumbList\",\"@id\":\"https:\/\/medicore.bcardmexico.com\/?product=kapillary-w-10-ml-0-338-oz#breadcrumb\",\"itemListElement\":[{\"@type\":\"ListItem\",\"position\":1,\"name\":\"Home\",\"item\":\"https:\/\/medicore.bcardmexico.com\/\"},{\"@type\":\"ListItem\",\"position\":2,\"name\":\"Shop\",\"item\":\"https:\/\/medicore.bcardmexico.com\/?page_id=14\"},{\"@type\":\"ListItem\",\"position\":3,\"name\":\"Kapillary &#8211; W 10 ml \/0.338 oz\"}]},{\"@type\":\"WebSite\",\"@id\":\"https:\/\/medicore.bcardmexico.com\/#website\",\"url\":\"https:\/\/medicore.bcardmexico.com\/\",\"name\":\"CUTAE FARMACIA DERMATOL\u00d3GICA\",\"description\":\"MEDICORE\",\"publisher\":{\"@id\":\"https:\/\/medicore.bcardmexico.com\/#organization\"},\"alternateName\":\"CUTAE\",\"potentialAction\":[{\"@type\":\"SearchAction\",\"target\":{\"@type\":\"EntryPoint\",\"urlTemplate\":\"https:\/\/medicore.bcardmexico.com\/?s={search_term_string}\"},\"query-input\":{\"@type\":\"PropertyValueSpecification\",\"valueRequired\":true,\"valueName\":\"search_term_string\"}}],\"inLanguage\":\"es\"},{\"@type\":\"Organization\",\"@id\":\"https:\/\/medicore.bcardmexico.com\/#organization\",\"name\":\"CUTAE FARMACIA DERMATOL\u00d3GICA\",\"url\":\"https:\/\/medicore.bcardmexico.com\/\",\"logo\":{\"@type\":\"ImageObject\",\"inLanguage\":\"es\",\"@id\":\"https:\/\/medicore.bcardmexico.com\/#\/schema\/logo\/image\/\",\"url\":\"https:\/\/medicore.bcardmexico.com\/wp-content\/uploads\/2023\/04\/Logo.svg\",\"contentUrl\":\"https:\/\/medicore.bcardmexico.com\/wp-content\/uploads\/2023\/04\/Logo.svg\",\"caption\":\"CUTAE FARMACIA DERMATOL\u00d3GICA\"},\"image\":{\"@id\":\"https:\/\/medicore.bcardmexico.com\/#\/schema\/logo\/image\/\"}}]}<\/script>\n<!-- \/ Yoast SEO Premium plugin. -->","yoast_head_json":{"title":"Kapillary - W 10 ml \/0.338 oz - MEDICORE","robots":{"index":"index","follow":"follow","max-snippet":"max-snippet:-1","max-image-preview":"max-image-preview:large","max-video-preview":"max-video-preview:-1"},"canonical":"https:\/\/medicore.bcardmexico.com\/?product=kapillary-w-10-ml-0-338-oz","og_locale":"es_MX","og_type":"article","og_title":"Kapillary - W 10 ml \/0.338 oz","og_description":"BENEFICIOS   Eficacia comprobada gota a gota invitro.  Restaura la turgencia y elasticidad ya que promueve y mantiene una OPTIMA producci\u00f3n de elastina y colageno.  Alto poder de despigmentaci\u00f3n.  &nbsp;  &nbsp;  &nbsp;","og_url":"https:\/\/medicore.bcardmexico.com\/?product=kapillary-w-10-ml-0-338-oz","og_site_name":"MEDICORE","article_modified_time":"2025-07-17T20:23:23+00:00","og_image":[{"width":1081,"height":1536,"url":"https:\/\/medicore.bcardmexico.com\/wp-content\/uploads\/2025\/07\/KAPILLARY-W.jpg","type":"image\/jpeg"}],"twitter_card":"summary_large_image","twitter_misc":{"Tiempo de lectura":"1 minuto"},"schema":{"@context":"https:\/\/schema.org","@graph":[{"@type":"WebPage","@id":"https:\/\/medicore.bcardmexico.com\/?product=kapillary-w-10-ml-0-338-oz","url":"https:\/\/medicore.bcardmexico.com\/?product=kapillary-w-10-ml-0-338-oz","name":"Kapillary - W 10 ml \/0.338 oz - MEDICORE","isPartOf":{"@id":"https:\/\/medicore.bcardmexico.com\/#website"},"primaryImageOfPage":{"@id":"https:\/\/medicore.bcardmexico.com\/?product=kapillary-w-10-ml-0-338-oz#primaryimage"},"image":{"@id":"https:\/\/medicore.bcardmexico.com\/?product=kapillary-w-10-ml-0-338-oz#primaryimage"},"thumbnailUrl":"https:\/\/medicore.bcardmexico.com\/wp-content\/uploads\/2025\/07\/KAPILLARY-W.jpg","datePublished":"2025-07-17T19:40:16+00:00","dateModified":"2025-07-17T20:23:23+00:00","breadcrumb":{"@id":"https:\/\/medicore.bcardmexico.com\/?product=kapillary-w-10-ml-0-338-oz#breadcrumb"},"inLanguage":"es","potentialAction":[{"@type":"ReadAction","target":["https:\/\/medicore.bcardmexico.com\/?product=kapillary-w-10-ml-0-338-oz"]}]},{"@type":"ImageObject","inLanguage":"es","@id":"https:\/\/medicore.bcardmexico.com\/?product=kapillary-w-10-ml-0-338-oz#primaryimage","url":"https:\/\/medicore.bcardmexico.com\/wp-content\/uploads\/2025\/07\/KAPILLARY-W.jpg","contentUrl":"https:\/\/medicore.bcardmexico.com\/wp-content\/uploads\/2025\/07\/KAPILLARY-W.jpg","width":1081,"height":1536},{"@type":"BreadcrumbList","@id":"https:\/\/medicore.bcardmexico.com\/?product=kapillary-w-10-ml-0-338-oz#breadcrumb","itemListElement":[{"@type":"ListItem","position":1,"name":"Home","item":"https:\/\/medicore.bcardmexico.com\/"},{"@type":"ListItem","position":2,"name":"Shop","item":"https:\/\/medicore.bcardmexico.com\/?page_id=14"},{"@type":"ListItem","position":3,"name":"Kapillary &#8211; W 10 ml \/0.338 oz"}]},{"@type":"WebSite","@id":"https:\/\/medicore.bcardmexico.com\/#website","url":"https:\/\/medicore.bcardmexico.com\/","name":"CUTAE FARMACIA DERMATOL\u00d3GICA","description":"MEDICORE","publisher":{"@id":"https:\/\/medicore.bcardmexico.com\/#organization"},"alternateName":"CUTAE","potentialAction":[{"@type":"SearchAction","target":{"@type":"EntryPoint","urlTemplate":"https:\/\/medicore.bcardmexico.com\/?s={search_term_string}"},"query-input":{"@type":"PropertyValueSpecification","valueRequired":true,"valueName":"search_term_string"}}],"inLanguage":"es"},{"@type":"Organization","@id":"https:\/\/medicore.bcardmexico.com\/#organization","name":"CUTAE FARMACIA DERMATOL\u00d3GICA","url":"https:\/\/medicore.bcardmexico.com\/","logo":{"@type":"ImageObject","inLanguage":"es","@id":"https:\/\/medicore.bcardmexico.com\/#\/schema\/logo\/image\/","url":"https:\/\/medicore.bcardmexico.com\/wp-content\/uploads\/2023\/04\/Logo.svg","contentUrl":"https:\/\/medicore.bcardmexico.com\/wp-content\/uploads\/2023\/04\/Logo.svg","caption":"CUTAE FARMACIA DERMATOL\u00d3GICA"},"image":{"@id":"https:\/\/medicore.bcardmexico.com\/#\/schema\/logo\/image\/"}}]}},"_links":{"self":[{"href":"https:\/\/medicore.bcardmexico.com\/index.php?rest_route=\/wp\/v2\/product\/2322","targetHints":{"allow":["GET"]}}],"collection":[{"href":"https:\/\/medicore.bcardmexico.com\/index.php?rest_route=\/wp\/v2\/product"}],"about":[{"href":"https:\/\/medicore.bcardmexico.com\/index.php?rest_route=\/wp\/v2\/types\/product"}],"replies":[{"embeddable":true,"href":"https:\/\/medicore.bcardmexico.com\/index.php?rest_route=%2Fwp%2Fv2%2Fcomments&post=2322"}],"version-history":[{"count":1,"href":"https:\/\/medicore.bcardmexico.com\/index.php?rest_route=\/wp\/v2\/product\/2322\/revisions"}],"predecessor-version":[{"id":2324,"href":"https:\/\/medicore.bcardmexico.com\/index.php?rest_route=\/wp\/v2\/product\/2322\/revisions\/2324"}],"wp:featuredmedia":[{"embeddable":true,"href":"https:\/\/medicore.bcardmexico.com\/index.php?rest_route=\/wp\/v2\/media\/2323"}],"wp:attachment":[{"href":"https:\/\/medicore.bcardmexico.com\/index.php?rest_route=%2Fwp%2Fv2%2Fmedia&parent=2322"}],"wp:term":[{"taxonomy":"brand","embeddable":true,"href":"https:\/\/medicore.bcardmexico.com\/index.php?rest_route=%2Fwp%2Fv2%2Fetheme_brands&post=2322"},{"taxonomy":"product_brand","embeddable":true,"href":"https:\/\/medicore.bcardmexico.com\/index.php?rest_route=%2Fwp%2Fv2%2Fproduct_brand&post=2322"},{"taxonomy":"product_cat","embeddable":true,"href":"https:\/\/medicore.bcardmexico.com\/index.php?rest_route=%2Fwp%2Fv2%2Fproduct_cat&post=2322"},{"taxonomy":"product_tag","embeddable":true,"href":"https:\/\/medicore.bcardmexico.com\/index.php?rest_route=%2Fwp%2Fv2%2Fproduct_tag&post=2322"}],"curies":[{"name":"wp","href":"https:\/\/api.w.org\/{rel}","templated":true}]}}