{"id":2328,"date":"2025-07-17T20:25:19","date_gmt":"2025-07-17T20:25:19","guid":{"rendered":"https:\/\/medicore.bcardmexico.com\/?post_type=product&#038;p=2328"},"modified":"2025-07-17T20:27:02","modified_gmt":"2025-07-17T20:27:02","slug":"biocin-vial-10-ml-0-338-oz","status":"publish","type":"product","link":"https:\/\/medicore.bcardmexico.com\/?product=biocin-vial-10-ml-0-338-oz","title":{"rendered":"BioCin Vial 10 ml \/0.338 oz"},"content":{"rendered":"<p><b>BENEFICIOS<\/b><\/p>\n<ul>\n<li>Regula la producci\u00f3n de sebacea.<\/li>\n<li>Antiedad.<\/li>\n<li>Reduce irritaci\u00f3n<\/li>\n<li>Antioxidante.<\/li>\n<\/ul>\n","protected":false},"excerpt":{"rendered":"<div>\n<div>\n<p><b>INDICACIONES\u00a0<\/b><\/p>\n<ul>\n<li>\n<ul>\n<li>Tratamiento para pieles con tendencia acneica u oleosa y enrojecidas.<\/li>\n<\/ul>\n<\/li>\n<\/ul>\n<\/div>\n<div>\n<p><b>FORMA DE ADMINISTRACI\u00d3N:\u00a0<\/b><\/p>\n<ul>\n<li>T\u00f3pica.<\/li>\n<li>Se recomienda la aplicaci\u00f3n de concomitante con procedimientos de micropunci\u00f3n.<\/li>\n<li>2 ml por zona, cada 28 d\u00edas.<\/li>\n<\/ul>\n<\/div>\n<\/div>\n<p>&nbsp;<\/p>\n<p>&nbsp;<\/p>\n","protected":false},"featured_media":2330,"comment_status":"open","ping_status":"closed","template":"","meta":[],"etheme_brands":[],"product_brand":[],"product_cat":[52],"product_tag":[],"class_list":{"0":"post-2328","1":"product","2":"type-product","3":"status-publish","4":"has-post-thumbnail","6":"product_cat-crecimiento","8":"first","9":"instock","10":"shipping-taxable","11":"product-type-simple"},"yoast_head":"<!-- This site is optimized with the Yoast SEO Premium plugin v23.4 (Yoast SEO v23.4) - https:\/\/yoast.com\/wordpress\/plugins\/seo\/ -->\n<title>BioCin Vial 10 ml \/0.338 oz - MEDICORE<\/title>\n<meta name=\"robots\" content=\"index, follow, max-snippet:-1, max-image-preview:large, max-video-preview:-1\" \/>\n<link rel=\"canonical\" href=\"https:\/\/medicore.bcardmexico.com\/?product=biocin-vial-10-ml-0-338-oz\" \/>\n<meta property=\"og:locale\" content=\"es_MX\" \/>\n<meta property=\"og:type\" content=\"article\" \/>\n<meta property=\"og:title\" content=\"BioCin Vial 10 ml \/0.338 oz\" \/>\n<meta property=\"og:description\" content=\"INDICACIONES\u00a0      Tratamiento para pieles con tendencia acneica u oleosa y enrojecidas.       FORMA DE ADMINISTRACI\u00d3N:\u00a0   T\u00f3pica.  Se recomienda la aplicaci\u00f3n de concomitante con procedimientos de micropunci\u00f3n.  2 ml por zona, cada 28 d\u00edas.    &nbsp;  &nbsp;\" \/>\n<meta property=\"og:url\" content=\"https:\/\/medicore.bcardmexico.com\/?product=biocin-vial-10-ml-0-338-oz\" \/>\n<meta property=\"og:site_name\" content=\"MEDICORE\" \/>\n<meta property=\"article:modified_time\" content=\"2025-07-17T20:27:02+00:00\" \/>\n<meta property=\"og:image\" content=\"https:\/\/medicore.bcardmexico.com\/wp-content\/uploads\/2025\/07\/bIOCIN.jpg\" \/>\n\t<meta property=\"og:image:width\" content=\"1081\" \/>\n\t<meta property=\"og:image:height\" content=\"1536\" \/>\n\t<meta property=\"og:image:type\" content=\"image\/jpeg\" \/>\n<meta name=\"twitter:card\" content=\"summary_large_image\" \/>\n<meta name=\"twitter:label1\" content=\"Tiempo de lectura\" \/>\n\t<meta name=\"twitter:data1\" content=\"1 minuto\" \/>\n<script type=\"application\/ld+json\" class=\"yoast-schema-graph\">{\"@context\":\"https:\/\/schema.org\",\"@graph\":[{\"@type\":\"WebPage\",\"@id\":\"https:\/\/medicore.bcardmexico.com\/?product=biocin-vial-10-ml-0-338-oz\",\"url\":\"https:\/\/medicore.bcardmexico.com\/?product=biocin-vial-10-ml-0-338-oz\",\"name\":\"BioCin Vial 10 ml \/0.338 oz - MEDICORE\",\"isPartOf\":{\"@id\":\"https:\/\/medicore.bcardmexico.com\/#website\"},\"primaryImageOfPage\":{\"@id\":\"https:\/\/medicore.bcardmexico.com\/?product=biocin-vial-10-ml-0-338-oz#primaryimage\"},\"image\":{\"@id\":\"https:\/\/medicore.bcardmexico.com\/?product=biocin-vial-10-ml-0-338-oz#primaryimage\"},\"thumbnailUrl\":\"https:\/\/medicore.bcardmexico.com\/wp-content\/uploads\/2025\/07\/bIOCIN.jpg\",\"datePublished\":\"2025-07-17T20:25:19+00:00\",\"dateModified\":\"2025-07-17T20:27:02+00:00\",\"breadcrumb\":{\"@id\":\"https:\/\/medicore.bcardmexico.com\/?product=biocin-vial-10-ml-0-338-oz#breadcrumb\"},\"inLanguage\":\"es\",\"potentialAction\":[{\"@type\":\"ReadAction\",\"target\":[\"https:\/\/medicore.bcardmexico.com\/?product=biocin-vial-10-ml-0-338-oz\"]}]},{\"@type\":\"ImageObject\",\"inLanguage\":\"es\",\"@id\":\"https:\/\/medicore.bcardmexico.com\/?product=biocin-vial-10-ml-0-338-oz#primaryimage\",\"url\":\"https:\/\/medicore.bcardmexico.com\/wp-content\/uploads\/2025\/07\/bIOCIN.jpg\",\"contentUrl\":\"https:\/\/medicore.bcardmexico.com\/wp-content\/uploads\/2025\/07\/bIOCIN.jpg\",\"width\":1081,\"height\":1536},{\"@type\":\"BreadcrumbList\",\"@id\":\"https:\/\/medicore.bcardmexico.com\/?product=biocin-vial-10-ml-0-338-oz#breadcrumb\",\"itemListElement\":[{\"@type\":\"ListItem\",\"position\":1,\"name\":\"Home\",\"item\":\"https:\/\/medicore.bcardmexico.com\/\"},{\"@type\":\"ListItem\",\"position\":2,\"name\":\"Shop\",\"item\":\"https:\/\/medicore.bcardmexico.com\/?page_id=14\"},{\"@type\":\"ListItem\",\"position\":3,\"name\":\"BioCin Vial 10 ml \/0.338 oz\"}]},{\"@type\":\"WebSite\",\"@id\":\"https:\/\/medicore.bcardmexico.com\/#website\",\"url\":\"https:\/\/medicore.bcardmexico.com\/\",\"name\":\"CUTAE FARMACIA DERMATOL\u00d3GICA\",\"description\":\"MEDICORE\",\"publisher\":{\"@id\":\"https:\/\/medicore.bcardmexico.com\/#organization\"},\"alternateName\":\"CUTAE\",\"potentialAction\":[{\"@type\":\"SearchAction\",\"target\":{\"@type\":\"EntryPoint\",\"urlTemplate\":\"https:\/\/medicore.bcardmexico.com\/?s={search_term_string}\"},\"query-input\":{\"@type\":\"PropertyValueSpecification\",\"valueRequired\":true,\"valueName\":\"search_term_string\"}}],\"inLanguage\":\"es\"},{\"@type\":\"Organization\",\"@id\":\"https:\/\/medicore.bcardmexico.com\/#organization\",\"name\":\"CUTAE FARMACIA DERMATOL\u00d3GICA\",\"url\":\"https:\/\/medicore.bcardmexico.com\/\",\"logo\":{\"@type\":\"ImageObject\",\"inLanguage\":\"es\",\"@id\":\"https:\/\/medicore.bcardmexico.com\/#\/schema\/logo\/image\/\",\"url\":\"https:\/\/medicore.bcardmexico.com\/wp-content\/uploads\/2023\/04\/Logo.svg\",\"contentUrl\":\"https:\/\/medicore.bcardmexico.com\/wp-content\/uploads\/2023\/04\/Logo.svg\",\"caption\":\"CUTAE FARMACIA DERMATOL\u00d3GICA\"},\"image\":{\"@id\":\"https:\/\/medicore.bcardmexico.com\/#\/schema\/logo\/image\/\"}}]}<\/script>\n<!-- \/ Yoast SEO Premium plugin. -->","yoast_head_json":{"title":"BioCin Vial 10 ml \/0.338 oz - MEDICORE","robots":{"index":"index","follow":"follow","max-snippet":"max-snippet:-1","max-image-preview":"max-image-preview:large","max-video-preview":"max-video-preview:-1"},"canonical":"https:\/\/medicore.bcardmexico.com\/?product=biocin-vial-10-ml-0-338-oz","og_locale":"es_MX","og_type":"article","og_title":"BioCin Vial 10 ml \/0.338 oz","og_description":"INDICACIONES\u00a0      Tratamiento para pieles con tendencia acneica u oleosa y enrojecidas.       FORMA DE ADMINISTRACI\u00d3N:\u00a0   T\u00f3pica.  Se recomienda la aplicaci\u00f3n de concomitante con procedimientos de micropunci\u00f3n.  2 ml por zona, cada 28 d\u00edas.    &nbsp;  &nbsp;","og_url":"https:\/\/medicore.bcardmexico.com\/?product=biocin-vial-10-ml-0-338-oz","og_site_name":"MEDICORE","article_modified_time":"2025-07-17T20:27:02+00:00","og_image":[{"width":1081,"height":1536,"url":"https:\/\/medicore.bcardmexico.com\/wp-content\/uploads\/2025\/07\/bIOCIN.jpg","type":"image\/jpeg"}],"twitter_card":"summary_large_image","twitter_misc":{"Tiempo de lectura":"1 minuto"},"schema":{"@context":"https:\/\/schema.org","@graph":[{"@type":"WebPage","@id":"https:\/\/medicore.bcardmexico.com\/?product=biocin-vial-10-ml-0-338-oz","url":"https:\/\/medicore.bcardmexico.com\/?product=biocin-vial-10-ml-0-338-oz","name":"BioCin Vial 10 ml \/0.338 oz - MEDICORE","isPartOf":{"@id":"https:\/\/medicore.bcardmexico.com\/#website"},"primaryImageOfPage":{"@id":"https:\/\/medicore.bcardmexico.com\/?product=biocin-vial-10-ml-0-338-oz#primaryimage"},"image":{"@id":"https:\/\/medicore.bcardmexico.com\/?product=biocin-vial-10-ml-0-338-oz#primaryimage"},"thumbnailUrl":"https:\/\/medicore.bcardmexico.com\/wp-content\/uploads\/2025\/07\/bIOCIN.jpg","datePublished":"2025-07-17T20:25:19+00:00","dateModified":"2025-07-17T20:27:02+00:00","breadcrumb":{"@id":"https:\/\/medicore.bcardmexico.com\/?product=biocin-vial-10-ml-0-338-oz#breadcrumb"},"inLanguage":"es","potentialAction":[{"@type":"ReadAction","target":["https:\/\/medicore.bcardmexico.com\/?product=biocin-vial-10-ml-0-338-oz"]}]},{"@type":"ImageObject","inLanguage":"es","@id":"https:\/\/medicore.bcardmexico.com\/?product=biocin-vial-10-ml-0-338-oz#primaryimage","url":"https:\/\/medicore.bcardmexico.com\/wp-content\/uploads\/2025\/07\/bIOCIN.jpg","contentUrl":"https:\/\/medicore.bcardmexico.com\/wp-content\/uploads\/2025\/07\/bIOCIN.jpg","width":1081,"height":1536},{"@type":"BreadcrumbList","@id":"https:\/\/medicore.bcardmexico.com\/?product=biocin-vial-10-ml-0-338-oz#breadcrumb","itemListElement":[{"@type":"ListItem","position":1,"name":"Home","item":"https:\/\/medicore.bcardmexico.com\/"},{"@type":"ListItem","position":2,"name":"Shop","item":"https:\/\/medicore.bcardmexico.com\/?page_id=14"},{"@type":"ListItem","position":3,"name":"BioCin Vial 10 ml \/0.338 oz"}]},{"@type":"WebSite","@id":"https:\/\/medicore.bcardmexico.com\/#website","url":"https:\/\/medicore.bcardmexico.com\/","name":"CUTAE FARMACIA DERMATOL\u00d3GICA","description":"MEDICORE","publisher":{"@id":"https:\/\/medicore.bcardmexico.com\/#organization"},"alternateName":"CUTAE","potentialAction":[{"@type":"SearchAction","target":{"@type":"EntryPoint","urlTemplate":"https:\/\/medicore.bcardmexico.com\/?s={search_term_string}"},"query-input":{"@type":"PropertyValueSpecification","valueRequired":true,"valueName":"search_term_string"}}],"inLanguage":"es"},{"@type":"Organization","@id":"https:\/\/medicore.bcardmexico.com\/#organization","name":"CUTAE FARMACIA DERMATOL\u00d3GICA","url":"https:\/\/medicore.bcardmexico.com\/","logo":{"@type":"ImageObject","inLanguage":"es","@id":"https:\/\/medicore.bcardmexico.com\/#\/schema\/logo\/image\/","url":"https:\/\/medicore.bcardmexico.com\/wp-content\/uploads\/2023\/04\/Logo.svg","contentUrl":"https:\/\/medicore.bcardmexico.com\/wp-content\/uploads\/2023\/04\/Logo.svg","caption":"CUTAE FARMACIA DERMATOL\u00d3GICA"},"image":{"@id":"https:\/\/medicore.bcardmexico.com\/#\/schema\/logo\/image\/"}}]}},"_links":{"self":[{"href":"https:\/\/medicore.bcardmexico.com\/index.php?rest_route=\/wp\/v2\/product\/2328","targetHints":{"allow":["GET"]}}],"collection":[{"href":"https:\/\/medicore.bcardmexico.com\/index.php?rest_route=\/wp\/v2\/product"}],"about":[{"href":"https:\/\/medicore.bcardmexico.com\/index.php?rest_route=\/wp\/v2\/types\/product"}],"replies":[{"embeddable":true,"href":"https:\/\/medicore.bcardmexico.com\/index.php?rest_route=%2Fwp%2Fv2%2Fcomments&post=2328"}],"version-history":[{"count":1,"href":"https:\/\/medicore.bcardmexico.com\/index.php?rest_route=\/wp\/v2\/product\/2328\/revisions"}],"predecessor-version":[{"id":2332,"href":"https:\/\/medicore.bcardmexico.com\/index.php?rest_route=\/wp\/v2\/product\/2328\/revisions\/2332"}],"wp:featuredmedia":[{"embeddable":true,"href":"https:\/\/medicore.bcardmexico.com\/index.php?rest_route=\/wp\/v2\/media\/2330"}],"wp:attachment":[{"href":"https:\/\/medicore.bcardmexico.com\/index.php?rest_route=%2Fwp%2Fv2%2Fmedia&parent=2328"}],"wp:term":[{"taxonomy":"brand","embeddable":true,"href":"https:\/\/medicore.bcardmexico.com\/index.php?rest_route=%2Fwp%2Fv2%2Fetheme_brands&post=2328"},{"taxonomy":"product_brand","embeddable":true,"href":"https:\/\/medicore.bcardmexico.com\/index.php?rest_route=%2Fwp%2Fv2%2Fproduct_brand&post=2328"},{"taxonomy":"product_cat","embeddable":true,"href":"https:\/\/medicore.bcardmexico.com\/index.php?rest_route=%2Fwp%2Fv2%2Fproduct_cat&post=2328"},{"taxonomy":"product_tag","embeddable":true,"href":"https:\/\/medicore.bcardmexico.com\/index.php?rest_route=%2Fwp%2Fv2%2Fproduct_tag&post=2328"}],"curies":[{"name":"wp","href":"https:\/\/api.w.org\/{rel}","templated":true}]}}