{"id":2346,"date":"2025-07-17T20:50:33","date_gmt":"2025-07-17T20:50:33","guid":{"rendered":"https:\/\/medicore.bcardmexico.com\/?post_type=product&#038;p=2346"},"modified":"2025-07-17T20:59:57","modified_gmt":"2025-07-17T20:59:57","slug":"biocin-serum-frasco-de-30-ml","status":"publish","type":"product","link":"https:\/\/medicore.bcardmexico.com\/?product=biocin-serum-frasco-de-30-ml","title":{"rendered":"Biocin Ser\u00fam Frasco de 30 ml"},"content":{"rendered":"<p><strong>BENEFICIOS\u00a0<\/strong><\/p>\n<ul>\n<li>Regula la producci\u00f3n de grasa.<\/li>\n<li>Hidrataci\u00f3n profunda y luminosidad.<\/li>\n<li>Acci\u00f3n calmante.<\/li>\n<li>Minimiza los poros dilatados.<\/li>\n<li>Seborreguladora y anti-rojeces.<\/li>\n<li>Acci\u00f3n calmante.<\/li>\n<\/ul>\n","protected":false},"excerpt":{"rendered":"<p>BIOSKINCELL\u00ae Biocim S\u00e9rum atiende la necesidad de todo tipo de piel que buscan mejorar y regular la presencia oleosidad, ayuda a desinflamar lesiones causadas por brotes de acn\u00e9, al mismo tiempo que aporta hidrataci\u00f3n, confort y un antienvejecimiento de primera intenci\u00f3n.<\/p>\n<p><strong>INDICACIONES<\/strong><\/p>\n<ul>\n<li>Todo tipo de piel con tendencia oleosa, envejecida y enrojecida.<\/li>\n<\/ul>\n<p><strong>MODO DE USO<\/strong><\/p>\n<ul>\n<li>Aplicar 4 gotas en el rostro limpio y realizar masaje suave con los dedos de manera ascendente.<\/li>\n<\/ul>\n","protected":false},"featured_media":2355,"comment_status":"open","ping_status":"closed","template":"","meta":[],"etheme_brands":[],"product_brand":[],"product_cat":[54],"product_tag":[],"class_list":{"0":"post-2346","1":"product","2":"type-product","3":"status-publish","4":"has-post-thumbnail","6":"product_cat-sueros","8":"first","9":"instock","10":"shipping-taxable","11":"product-type-simple"},"yoast_head":"<!-- This site is optimized with the Yoast SEO Premium plugin v23.4 (Yoast SEO v23.4) - https:\/\/yoast.com\/wordpress\/plugins\/seo\/ -->\n<title>Biocin Ser\u00fam Frasco de 30 ml - MEDICORE<\/title>\n<meta name=\"robots\" content=\"index, follow, max-snippet:-1, max-image-preview:large, max-video-preview:-1\" \/>\n<link rel=\"canonical\" href=\"https:\/\/medicore.bcardmexico.com\/?product=biocin-serum-frasco-de-30-ml\" \/>\n<meta property=\"og:locale\" content=\"es_MX\" \/>\n<meta property=\"og:type\" content=\"article\" \/>\n<meta property=\"og:title\" content=\"Biocin Ser\u00fam Frasco de 30 ml\" \/>\n<meta property=\"og:description\" content=\"BIOSKINCELL\u00ae Biocim S\u00e9rum atiende la necesidad de todo tipo de piel que buscan mejorar y regular la presencia oleosidad, ayuda a desinflamar lesiones causadas por brotes de acn\u00e9, al mismo tiempo que aporta hidrataci\u00f3n, confort y un antienvejecimiento de primera intenci\u00f3n.  INDICACIONES   Todo tipo de piel con tendencia oleosa, envejecida y enrojecida.  MODO DE USO   Aplicar 4 gotas en el rostro limpio y realizar masaje suave con los dedos de manera ascendente.\" \/>\n<meta property=\"og:url\" content=\"https:\/\/medicore.bcardmexico.com\/?product=biocin-serum-frasco-de-30-ml\" \/>\n<meta property=\"og:site_name\" content=\"MEDICORE\" \/>\n<meta property=\"article:modified_time\" content=\"2025-07-17T20:59:57+00:00\" \/>\n<meta property=\"og:image\" content=\"https:\/\/medicore.bcardmexico.com\/wp-content\/uploads\/2025\/07\/Biocin-Suero-1.png\" \/>\n\t<meta property=\"og:image:width\" content=\"1081\" \/>\n\t<meta property=\"og:image:height\" content=\"1536\" \/>\n\t<meta property=\"og:image:type\" content=\"image\/png\" \/>\n<meta name=\"twitter:card\" content=\"summary_large_image\" \/>\n<meta name=\"twitter:label1\" content=\"Tiempo de lectura\" \/>\n\t<meta name=\"twitter:data1\" content=\"1 minuto\" \/>\n<script type=\"application\/ld+json\" class=\"yoast-schema-graph\">{\"@context\":\"https:\/\/schema.org\",\"@graph\":[{\"@type\":\"WebPage\",\"@id\":\"https:\/\/medicore.bcardmexico.com\/?product=biocin-serum-frasco-de-30-ml\",\"url\":\"https:\/\/medicore.bcardmexico.com\/?product=biocin-serum-frasco-de-30-ml\",\"name\":\"Biocin Ser\u00fam Frasco de 30 ml - MEDICORE\",\"isPartOf\":{\"@id\":\"https:\/\/medicore.bcardmexico.com\/#website\"},\"primaryImageOfPage\":{\"@id\":\"https:\/\/medicore.bcardmexico.com\/?product=biocin-serum-frasco-de-30-ml#primaryimage\"},\"image\":{\"@id\":\"https:\/\/medicore.bcardmexico.com\/?product=biocin-serum-frasco-de-30-ml#primaryimage\"},\"thumbnailUrl\":\"https:\/\/medicore.bcardmexico.com\/wp-content\/uploads\/2025\/07\/Biocin-Suero-1.png\",\"datePublished\":\"2025-07-17T20:50:33+00:00\",\"dateModified\":\"2025-07-17T20:59:57+00:00\",\"breadcrumb\":{\"@id\":\"https:\/\/medicore.bcardmexico.com\/?product=biocin-serum-frasco-de-30-ml#breadcrumb\"},\"inLanguage\":\"es\",\"potentialAction\":[{\"@type\":\"ReadAction\",\"target\":[\"https:\/\/medicore.bcardmexico.com\/?product=biocin-serum-frasco-de-30-ml\"]}]},{\"@type\":\"ImageObject\",\"inLanguage\":\"es\",\"@id\":\"https:\/\/medicore.bcardmexico.com\/?product=biocin-serum-frasco-de-30-ml#primaryimage\",\"url\":\"https:\/\/medicore.bcardmexico.com\/wp-content\/uploads\/2025\/07\/Biocin-Suero-1.png\",\"contentUrl\":\"https:\/\/medicore.bcardmexico.com\/wp-content\/uploads\/2025\/07\/Biocin-Suero-1.png\",\"width\":1081,\"height\":1536},{\"@type\":\"BreadcrumbList\",\"@id\":\"https:\/\/medicore.bcardmexico.com\/?product=biocin-serum-frasco-de-30-ml#breadcrumb\",\"itemListElement\":[{\"@type\":\"ListItem\",\"position\":1,\"name\":\"Home\",\"item\":\"https:\/\/medicore.bcardmexico.com\/\"},{\"@type\":\"ListItem\",\"position\":2,\"name\":\"Shop\",\"item\":\"https:\/\/medicore.bcardmexico.com\/?page_id=14\"},{\"@type\":\"ListItem\",\"position\":3,\"name\":\"Biocin Ser\u00fam Frasco de 30 ml\"}]},{\"@type\":\"WebSite\",\"@id\":\"https:\/\/medicore.bcardmexico.com\/#website\",\"url\":\"https:\/\/medicore.bcardmexico.com\/\",\"name\":\"CUTAE FARMACIA DERMATOL\u00d3GICA\",\"description\":\"MEDICORE\",\"publisher\":{\"@id\":\"https:\/\/medicore.bcardmexico.com\/#organization\"},\"alternateName\":\"CUTAE\",\"potentialAction\":[{\"@type\":\"SearchAction\",\"target\":{\"@type\":\"EntryPoint\",\"urlTemplate\":\"https:\/\/medicore.bcardmexico.com\/?s={search_term_string}\"},\"query-input\":{\"@type\":\"PropertyValueSpecification\",\"valueRequired\":true,\"valueName\":\"search_term_string\"}}],\"inLanguage\":\"es\"},{\"@type\":\"Organization\",\"@id\":\"https:\/\/medicore.bcardmexico.com\/#organization\",\"name\":\"CUTAE FARMACIA DERMATOL\u00d3GICA\",\"url\":\"https:\/\/medicore.bcardmexico.com\/\",\"logo\":{\"@type\":\"ImageObject\",\"inLanguage\":\"es\",\"@id\":\"https:\/\/medicore.bcardmexico.com\/#\/schema\/logo\/image\/\",\"url\":\"https:\/\/medicore.bcardmexico.com\/wp-content\/uploads\/2023\/04\/Logo.svg\",\"contentUrl\":\"https:\/\/medicore.bcardmexico.com\/wp-content\/uploads\/2023\/04\/Logo.svg\",\"caption\":\"CUTAE FARMACIA DERMATOL\u00d3GICA\"},\"image\":{\"@id\":\"https:\/\/medicore.bcardmexico.com\/#\/schema\/logo\/image\/\"}}]}<\/script>\n<!-- \/ Yoast SEO Premium plugin. -->","yoast_head_json":{"title":"Biocin Ser\u00fam Frasco de 30 ml - MEDICORE","robots":{"index":"index","follow":"follow","max-snippet":"max-snippet:-1","max-image-preview":"max-image-preview:large","max-video-preview":"max-video-preview:-1"},"canonical":"https:\/\/medicore.bcardmexico.com\/?product=biocin-serum-frasco-de-30-ml","og_locale":"es_MX","og_type":"article","og_title":"Biocin Ser\u00fam Frasco de 30 ml","og_description":"BIOSKINCELL\u00ae Biocim S\u00e9rum atiende la necesidad de todo tipo de piel que buscan mejorar y regular la presencia oleosidad, ayuda a desinflamar lesiones causadas por brotes de acn\u00e9, al mismo tiempo que aporta hidrataci\u00f3n, confort y un antienvejecimiento de primera intenci\u00f3n.  INDICACIONES   Todo tipo de piel con tendencia oleosa, envejecida y enrojecida.  MODO DE USO   Aplicar 4 gotas en el rostro limpio y realizar masaje suave con los dedos de manera ascendente.","og_url":"https:\/\/medicore.bcardmexico.com\/?product=biocin-serum-frasco-de-30-ml","og_site_name":"MEDICORE","article_modified_time":"2025-07-17T20:59:57+00:00","og_image":[{"width":1081,"height":1536,"url":"https:\/\/medicore.bcardmexico.com\/wp-content\/uploads\/2025\/07\/Biocin-Suero-1.png","type":"image\/png"}],"twitter_card":"summary_large_image","twitter_misc":{"Tiempo de lectura":"1 minuto"},"schema":{"@context":"https:\/\/schema.org","@graph":[{"@type":"WebPage","@id":"https:\/\/medicore.bcardmexico.com\/?product=biocin-serum-frasco-de-30-ml","url":"https:\/\/medicore.bcardmexico.com\/?product=biocin-serum-frasco-de-30-ml","name":"Biocin Ser\u00fam Frasco de 30 ml - MEDICORE","isPartOf":{"@id":"https:\/\/medicore.bcardmexico.com\/#website"},"primaryImageOfPage":{"@id":"https:\/\/medicore.bcardmexico.com\/?product=biocin-serum-frasco-de-30-ml#primaryimage"},"image":{"@id":"https:\/\/medicore.bcardmexico.com\/?product=biocin-serum-frasco-de-30-ml#primaryimage"},"thumbnailUrl":"https:\/\/medicore.bcardmexico.com\/wp-content\/uploads\/2025\/07\/Biocin-Suero-1.png","datePublished":"2025-07-17T20:50:33+00:00","dateModified":"2025-07-17T20:59:57+00:00","breadcrumb":{"@id":"https:\/\/medicore.bcardmexico.com\/?product=biocin-serum-frasco-de-30-ml#breadcrumb"},"inLanguage":"es","potentialAction":[{"@type":"ReadAction","target":["https:\/\/medicore.bcardmexico.com\/?product=biocin-serum-frasco-de-30-ml"]}]},{"@type":"ImageObject","inLanguage":"es","@id":"https:\/\/medicore.bcardmexico.com\/?product=biocin-serum-frasco-de-30-ml#primaryimage","url":"https:\/\/medicore.bcardmexico.com\/wp-content\/uploads\/2025\/07\/Biocin-Suero-1.png","contentUrl":"https:\/\/medicore.bcardmexico.com\/wp-content\/uploads\/2025\/07\/Biocin-Suero-1.png","width":1081,"height":1536},{"@type":"BreadcrumbList","@id":"https:\/\/medicore.bcardmexico.com\/?product=biocin-serum-frasco-de-30-ml#breadcrumb","itemListElement":[{"@type":"ListItem","position":1,"name":"Home","item":"https:\/\/medicore.bcardmexico.com\/"},{"@type":"ListItem","position":2,"name":"Shop","item":"https:\/\/medicore.bcardmexico.com\/?page_id=14"},{"@type":"ListItem","position":3,"name":"Biocin Ser\u00fam Frasco de 30 ml"}]},{"@type":"WebSite","@id":"https:\/\/medicore.bcardmexico.com\/#website","url":"https:\/\/medicore.bcardmexico.com\/","name":"CUTAE FARMACIA DERMATOL\u00d3GICA","description":"MEDICORE","publisher":{"@id":"https:\/\/medicore.bcardmexico.com\/#organization"},"alternateName":"CUTAE","potentialAction":[{"@type":"SearchAction","target":{"@type":"EntryPoint","urlTemplate":"https:\/\/medicore.bcardmexico.com\/?s={search_term_string}"},"query-input":{"@type":"PropertyValueSpecification","valueRequired":true,"valueName":"search_term_string"}}],"inLanguage":"es"},{"@type":"Organization","@id":"https:\/\/medicore.bcardmexico.com\/#organization","name":"CUTAE FARMACIA DERMATOL\u00d3GICA","url":"https:\/\/medicore.bcardmexico.com\/","logo":{"@type":"ImageObject","inLanguage":"es","@id":"https:\/\/medicore.bcardmexico.com\/#\/schema\/logo\/image\/","url":"https:\/\/medicore.bcardmexico.com\/wp-content\/uploads\/2023\/04\/Logo.svg","contentUrl":"https:\/\/medicore.bcardmexico.com\/wp-content\/uploads\/2023\/04\/Logo.svg","caption":"CUTAE FARMACIA DERMATOL\u00d3GICA"},"image":{"@id":"https:\/\/medicore.bcardmexico.com\/#\/schema\/logo\/image\/"}}]}},"_links":{"self":[{"href":"https:\/\/medicore.bcardmexico.com\/index.php?rest_route=\/wp\/v2\/product\/2346","targetHints":{"allow":["GET"]}}],"collection":[{"href":"https:\/\/medicore.bcardmexico.com\/index.php?rest_route=\/wp\/v2\/product"}],"about":[{"href":"https:\/\/medicore.bcardmexico.com\/index.php?rest_route=\/wp\/v2\/types\/product"}],"replies":[{"embeddable":true,"href":"https:\/\/medicore.bcardmexico.com\/index.php?rest_route=%2Fwp%2Fv2%2Fcomments&post=2346"}],"version-history":[{"count":1,"href":"https:\/\/medicore.bcardmexico.com\/index.php?rest_route=\/wp\/v2\/product\/2346\/revisions"}],"predecessor-version":[{"id":2348,"href":"https:\/\/medicore.bcardmexico.com\/index.php?rest_route=\/wp\/v2\/product\/2346\/revisions\/2348"}],"wp:featuredmedia":[{"embeddable":true,"href":"https:\/\/medicore.bcardmexico.com\/index.php?rest_route=\/wp\/v2\/media\/2355"}],"wp:attachment":[{"href":"https:\/\/medicore.bcardmexico.com\/index.php?rest_route=%2Fwp%2Fv2%2Fmedia&parent=2346"}],"wp:term":[{"taxonomy":"brand","embeddable":true,"href":"https:\/\/medicore.bcardmexico.com\/index.php?rest_route=%2Fwp%2Fv2%2Fetheme_brands&post=2346"},{"taxonomy":"product_brand","embeddable":true,"href":"https:\/\/medicore.bcardmexico.com\/index.php?rest_route=%2Fwp%2Fv2%2Fproduct_brand&post=2346"},{"taxonomy":"product_cat","embeddable":true,"href":"https:\/\/medicore.bcardmexico.com\/index.php?rest_route=%2Fwp%2Fv2%2Fproduct_cat&post=2346"},{"taxonomy":"product_tag","embeddable":true,"href":"https:\/\/medicore.bcardmexico.com\/index.php?rest_route=%2Fwp%2Fv2%2Fproduct_tag&post=2346"}],"curies":[{"name":"wp","href":"https:\/\/api.w.org\/{rel}","templated":true}]}}