{"id":2352,"date":"2025-07-17T20:54:41","date_gmt":"2025-07-17T20:54:41","guid":{"rendered":"https:\/\/medicore.bcardmexico.com\/?post_type=product&#038;p=2352"},"modified":"2025-07-17T20:55:42","modified_gmt":"2025-07-17T20:55:42","slug":"bsc-unifik","status":"publish","type":"product","link":"https:\/\/medicore.bcardmexico.com\/?product=bsc-unifik","title":{"rendered":"BSC Unifik"},"content":{"rendered":"<div>\n<p><b>MODO DE APLICACI\u00d3N<br \/>\n<\/b><b><br \/>\n<\/b>Topico concomitante con micropunci\u00f3n de 1 ml directo en la zona a tratar en refuerzo de la aplicaci\u00f3n de Unifik soluci\u00f3n.<\/p>\n<\/div>\n<div>\n<p><b>INDICACIONES\u00a0<\/b><\/p>\n<ul>\n<li>Coadyuvante en melasma, enrojecimientos flush.<\/li>\n<\/ul>\n<p><b>CONTIENE<\/b><\/p>\n<ul>\n<li>Vial con 5 ml de tranexamico 10%.<\/li>\n<\/ul>\n<\/div>\n","protected":false},"excerpt":{"rendered":"<p>BSC Kapillary \u2013 D (dutasteride) es un f\u00e1rmaco que act\u00faa reduciendo los niveles de dihidrotestoterona (DTH) inhibiendo la enzima 5a. reductasa, tipo I BSC Unifik (Acido tranexamico 10%) es un ingrediente que ha demostrado que previene y revierte la pigmentaci\u00f3n cutanea inducida por los rayos UV, disminuyendo la actividad de la enzima tirosinasa en los melanocitos reduciendo la inflamaci\u00f3n exarcerbada en el proceso de melanogenesis con hiperpigmentaci\u00f3n.y II, causantes de la degradaci\u00f3n de los dep\u00f3sitos de nutrientes del fol\u00edculo. Evitando la perdida de cabello.<\/p>\n","protected":false},"featured_media":2353,"comment_status":"open","ping_status":"closed","template":"","meta":[],"etheme_brands":[],"product_brand":[],"product_cat":[55],"product_tag":[],"class_list":{"0":"post-2352","1":"product","2":"type-product","3":"status-publish","4":"has-post-thumbnail","6":"product_cat-bsc","8":"first","9":"instock","10":"shipping-taxable","11":"product-type-simple"},"yoast_head":"<!-- This site is optimized with the Yoast SEO Premium plugin v23.4 (Yoast SEO v23.4) - https:\/\/yoast.com\/wordpress\/plugins\/seo\/ -->\n<title>BSC Unifik - MEDICORE<\/title>\n<meta name=\"robots\" content=\"index, follow, max-snippet:-1, max-image-preview:large, max-video-preview:-1\" \/>\n<link rel=\"canonical\" href=\"https:\/\/medicore.bcardmexico.com\/?product=bsc-unifik\" \/>\n<meta property=\"og:locale\" content=\"es_MX\" \/>\n<meta property=\"og:type\" content=\"article\" \/>\n<meta property=\"og:title\" content=\"BSC Unifik\" \/>\n<meta property=\"og:description\" content=\"BSC Kapillary \u2013 D (dutasteride) es un f\u00e1rmaco que act\u00faa reduciendo los niveles de dihidrotestoterona (DTH) inhibiendo la enzima 5a. reductasa, tipo I BSC Unifik (Acido tranexamico 10%) es un ingrediente que ha demostrado que previene y revierte la pigmentaci\u00f3n cutanea inducida por los rayos UV, disminuyendo la actividad de la enzima tirosinasa en los melanocitos reduciendo la inflamaci\u00f3n exarcerbada en el proceso de melanogenesis con hiperpigmentaci\u00f3n.y II, causantes de la degradaci\u00f3n de los dep\u00f3sitos de nutrientes del fol\u00edculo. Evitando la perdida de cabello.\" \/>\n<meta property=\"og:url\" content=\"https:\/\/medicore.bcardmexico.com\/?product=bsc-unifik\" \/>\n<meta property=\"og:site_name\" content=\"MEDICORE\" \/>\n<meta property=\"article:modified_time\" content=\"2025-07-17T20:55:42+00:00\" \/>\n<meta property=\"og:image\" content=\"https:\/\/medicore.bcardmexico.com\/wp-content\/uploads\/2025\/07\/bsc_unifik2-1081x1536-1.jpg\" \/>\n\t<meta property=\"og:image:width\" content=\"1081\" \/>\n\t<meta property=\"og:image:height\" content=\"1536\" \/>\n\t<meta property=\"og:image:type\" content=\"image\/jpeg\" \/>\n<meta name=\"twitter:card\" content=\"summary_large_image\" \/>\n<meta name=\"twitter:label1\" content=\"Tiempo de lectura\" \/>\n\t<meta name=\"twitter:data1\" content=\"1 minuto\" \/>\n<script type=\"application\/ld+json\" class=\"yoast-schema-graph\">{\"@context\":\"https:\/\/schema.org\",\"@graph\":[{\"@type\":\"WebPage\",\"@id\":\"https:\/\/medicore.bcardmexico.com\/?product=bsc-unifik\",\"url\":\"https:\/\/medicore.bcardmexico.com\/?product=bsc-unifik\",\"name\":\"BSC Unifik - MEDICORE\",\"isPartOf\":{\"@id\":\"https:\/\/medicore.bcardmexico.com\/#website\"},\"primaryImageOfPage\":{\"@id\":\"https:\/\/medicore.bcardmexico.com\/?product=bsc-unifik#primaryimage\"},\"image\":{\"@id\":\"https:\/\/medicore.bcardmexico.com\/?product=bsc-unifik#primaryimage\"},\"thumbnailUrl\":\"https:\/\/medicore.bcardmexico.com\/wp-content\/uploads\/2025\/07\/bsc_unifik2-1081x1536-1.jpg\",\"datePublished\":\"2025-07-17T20:54:41+00:00\",\"dateModified\":\"2025-07-17T20:55:42+00:00\",\"breadcrumb\":{\"@id\":\"https:\/\/medicore.bcardmexico.com\/?product=bsc-unifik#breadcrumb\"},\"inLanguage\":\"es\",\"potentialAction\":[{\"@type\":\"ReadAction\",\"target\":[\"https:\/\/medicore.bcardmexico.com\/?product=bsc-unifik\"]}]},{\"@type\":\"ImageObject\",\"inLanguage\":\"es\",\"@id\":\"https:\/\/medicore.bcardmexico.com\/?product=bsc-unifik#primaryimage\",\"url\":\"https:\/\/medicore.bcardmexico.com\/wp-content\/uploads\/2025\/07\/bsc_unifik2-1081x1536-1.jpg\",\"contentUrl\":\"https:\/\/medicore.bcardmexico.com\/wp-content\/uploads\/2025\/07\/bsc_unifik2-1081x1536-1.jpg\",\"width\":1081,\"height\":1536},{\"@type\":\"BreadcrumbList\",\"@id\":\"https:\/\/medicore.bcardmexico.com\/?product=bsc-unifik#breadcrumb\",\"itemListElement\":[{\"@type\":\"ListItem\",\"position\":1,\"name\":\"Home\",\"item\":\"https:\/\/medicore.bcardmexico.com\/\"},{\"@type\":\"ListItem\",\"position\":2,\"name\":\"Shop\",\"item\":\"https:\/\/medicore.bcardmexico.com\/?page_id=14\"},{\"@type\":\"ListItem\",\"position\":3,\"name\":\"BSC Unifik\"}]},{\"@type\":\"WebSite\",\"@id\":\"https:\/\/medicore.bcardmexico.com\/#website\",\"url\":\"https:\/\/medicore.bcardmexico.com\/\",\"name\":\"CUTAE FARMACIA DERMATOL\u00d3GICA\",\"description\":\"MEDICORE\",\"publisher\":{\"@id\":\"https:\/\/medicore.bcardmexico.com\/#organization\"},\"alternateName\":\"CUTAE\",\"potentialAction\":[{\"@type\":\"SearchAction\",\"target\":{\"@type\":\"EntryPoint\",\"urlTemplate\":\"https:\/\/medicore.bcardmexico.com\/?s={search_term_string}\"},\"query-input\":{\"@type\":\"PropertyValueSpecification\",\"valueRequired\":true,\"valueName\":\"search_term_string\"}}],\"inLanguage\":\"es\"},{\"@type\":\"Organization\",\"@id\":\"https:\/\/medicore.bcardmexico.com\/#organization\",\"name\":\"CUTAE FARMACIA DERMATOL\u00d3GICA\",\"url\":\"https:\/\/medicore.bcardmexico.com\/\",\"logo\":{\"@type\":\"ImageObject\",\"inLanguage\":\"es\",\"@id\":\"https:\/\/medicore.bcardmexico.com\/#\/schema\/logo\/image\/\",\"url\":\"https:\/\/medicore.bcardmexico.com\/wp-content\/uploads\/2023\/04\/Logo.svg\",\"contentUrl\":\"https:\/\/medicore.bcardmexico.com\/wp-content\/uploads\/2023\/04\/Logo.svg\",\"caption\":\"CUTAE FARMACIA DERMATOL\u00d3GICA\"},\"image\":{\"@id\":\"https:\/\/medicore.bcardmexico.com\/#\/schema\/logo\/image\/\"}}]}<\/script>\n<!-- \/ Yoast SEO Premium plugin. -->","yoast_head_json":{"title":"BSC Unifik - MEDICORE","robots":{"index":"index","follow":"follow","max-snippet":"max-snippet:-1","max-image-preview":"max-image-preview:large","max-video-preview":"max-video-preview:-1"},"canonical":"https:\/\/medicore.bcardmexico.com\/?product=bsc-unifik","og_locale":"es_MX","og_type":"article","og_title":"BSC Unifik","og_description":"BSC Kapillary \u2013 D (dutasteride) es un f\u00e1rmaco que act\u00faa reduciendo los niveles de dihidrotestoterona (DTH) inhibiendo la enzima 5a. reductasa, tipo I BSC Unifik (Acido tranexamico 10%) es un ingrediente que ha demostrado que previene y revierte la pigmentaci\u00f3n cutanea inducida por los rayos UV, disminuyendo la actividad de la enzima tirosinasa en los melanocitos reduciendo la inflamaci\u00f3n exarcerbada en el proceso de melanogenesis con hiperpigmentaci\u00f3n.y II, causantes de la degradaci\u00f3n de los dep\u00f3sitos de nutrientes del fol\u00edculo. Evitando la perdida de cabello.","og_url":"https:\/\/medicore.bcardmexico.com\/?product=bsc-unifik","og_site_name":"MEDICORE","article_modified_time":"2025-07-17T20:55:42+00:00","og_image":[{"width":1081,"height":1536,"url":"https:\/\/medicore.bcardmexico.com\/wp-content\/uploads\/2025\/07\/bsc_unifik2-1081x1536-1.jpg","type":"image\/jpeg"}],"twitter_card":"summary_large_image","twitter_misc":{"Tiempo de lectura":"1 minuto"},"schema":{"@context":"https:\/\/schema.org","@graph":[{"@type":"WebPage","@id":"https:\/\/medicore.bcardmexico.com\/?product=bsc-unifik","url":"https:\/\/medicore.bcardmexico.com\/?product=bsc-unifik","name":"BSC Unifik - MEDICORE","isPartOf":{"@id":"https:\/\/medicore.bcardmexico.com\/#website"},"primaryImageOfPage":{"@id":"https:\/\/medicore.bcardmexico.com\/?product=bsc-unifik#primaryimage"},"image":{"@id":"https:\/\/medicore.bcardmexico.com\/?product=bsc-unifik#primaryimage"},"thumbnailUrl":"https:\/\/medicore.bcardmexico.com\/wp-content\/uploads\/2025\/07\/bsc_unifik2-1081x1536-1.jpg","datePublished":"2025-07-17T20:54:41+00:00","dateModified":"2025-07-17T20:55:42+00:00","breadcrumb":{"@id":"https:\/\/medicore.bcardmexico.com\/?product=bsc-unifik#breadcrumb"},"inLanguage":"es","potentialAction":[{"@type":"ReadAction","target":["https:\/\/medicore.bcardmexico.com\/?product=bsc-unifik"]}]},{"@type":"ImageObject","inLanguage":"es","@id":"https:\/\/medicore.bcardmexico.com\/?product=bsc-unifik#primaryimage","url":"https:\/\/medicore.bcardmexico.com\/wp-content\/uploads\/2025\/07\/bsc_unifik2-1081x1536-1.jpg","contentUrl":"https:\/\/medicore.bcardmexico.com\/wp-content\/uploads\/2025\/07\/bsc_unifik2-1081x1536-1.jpg","width":1081,"height":1536},{"@type":"BreadcrumbList","@id":"https:\/\/medicore.bcardmexico.com\/?product=bsc-unifik#breadcrumb","itemListElement":[{"@type":"ListItem","position":1,"name":"Home","item":"https:\/\/medicore.bcardmexico.com\/"},{"@type":"ListItem","position":2,"name":"Shop","item":"https:\/\/medicore.bcardmexico.com\/?page_id=14"},{"@type":"ListItem","position":3,"name":"BSC Unifik"}]},{"@type":"WebSite","@id":"https:\/\/medicore.bcardmexico.com\/#website","url":"https:\/\/medicore.bcardmexico.com\/","name":"CUTAE FARMACIA DERMATOL\u00d3GICA","description":"MEDICORE","publisher":{"@id":"https:\/\/medicore.bcardmexico.com\/#organization"},"alternateName":"CUTAE","potentialAction":[{"@type":"SearchAction","target":{"@type":"EntryPoint","urlTemplate":"https:\/\/medicore.bcardmexico.com\/?s={search_term_string}"},"query-input":{"@type":"PropertyValueSpecification","valueRequired":true,"valueName":"search_term_string"}}],"inLanguage":"es"},{"@type":"Organization","@id":"https:\/\/medicore.bcardmexico.com\/#organization","name":"CUTAE FARMACIA DERMATOL\u00d3GICA","url":"https:\/\/medicore.bcardmexico.com\/","logo":{"@type":"ImageObject","inLanguage":"es","@id":"https:\/\/medicore.bcardmexico.com\/#\/schema\/logo\/image\/","url":"https:\/\/medicore.bcardmexico.com\/wp-content\/uploads\/2023\/04\/Logo.svg","contentUrl":"https:\/\/medicore.bcardmexico.com\/wp-content\/uploads\/2023\/04\/Logo.svg","caption":"CUTAE FARMACIA DERMATOL\u00d3GICA"},"image":{"@id":"https:\/\/medicore.bcardmexico.com\/#\/schema\/logo\/image\/"}}]}},"_links":{"self":[{"href":"https:\/\/medicore.bcardmexico.com\/index.php?rest_route=\/wp\/v2\/product\/2352","targetHints":{"allow":["GET"]}}],"collection":[{"href":"https:\/\/medicore.bcardmexico.com\/index.php?rest_route=\/wp\/v2\/product"}],"about":[{"href":"https:\/\/medicore.bcardmexico.com\/index.php?rest_route=\/wp\/v2\/types\/product"}],"replies":[{"embeddable":true,"href":"https:\/\/medicore.bcardmexico.com\/index.php?rest_route=%2Fwp%2Fv2%2Fcomments&post=2352"}],"version-history":[{"count":1,"href":"https:\/\/medicore.bcardmexico.com\/index.php?rest_route=\/wp\/v2\/product\/2352\/revisions"}],"predecessor-version":[{"id":2354,"href":"https:\/\/medicore.bcardmexico.com\/index.php?rest_route=\/wp\/v2\/product\/2352\/revisions\/2354"}],"wp:featuredmedia":[{"embeddable":true,"href":"https:\/\/medicore.bcardmexico.com\/index.php?rest_route=\/wp\/v2\/media\/2353"}],"wp:attachment":[{"href":"https:\/\/medicore.bcardmexico.com\/index.php?rest_route=%2Fwp%2Fv2%2Fmedia&parent=2352"}],"wp:term":[{"taxonomy":"brand","embeddable":true,"href":"https:\/\/medicore.bcardmexico.com\/index.php?rest_route=%2Fwp%2Fv2%2Fetheme_brands&post=2352"},{"taxonomy":"product_brand","embeddable":true,"href":"https:\/\/medicore.bcardmexico.com\/index.php?rest_route=%2Fwp%2Fv2%2Fproduct_brand&post=2352"},{"taxonomy":"product_cat","embeddable":true,"href":"https:\/\/medicore.bcardmexico.com\/index.php?rest_route=%2Fwp%2Fv2%2Fproduct_cat&post=2352"},{"taxonomy":"product_tag","embeddable":true,"href":"https:\/\/medicore.bcardmexico.com\/index.php?rest_route=%2Fwp%2Fv2%2Fproduct_tag&post=2352"}],"curies":[{"name":"wp","href":"https:\/\/api.w.org\/{rel}","templated":true}]}}